{"id":73,"date":"2023-07-05T17:42:36","date_gmt":"2023-07-05T17:42:36","guid":{"rendered":"https:\/\/wolf.be\/?page_id=73"},"modified":"2026-04-09T15:15:17","modified_gmt":"2026-04-09T15:15:17","slug":"evenements-publics","status":"publish","type":"page","link":"https:\/\/wolf.be\/nl\/bxl\/evenements\/evenements-publics\/","title":{"rendered":"Publieke events"},"content":{"rendered":"\t\t<div data-elementor-type=\"wp-page\" data-elementor-id=\"73\" class=\"elementor elementor-73\" data-elementor-post-type=\"page\">\n\t\t\t\t<div class=\"elementor-element elementor-element-5944927 e-flex e-con-boxed e-con e-parent\" data-id=\"5944927\" data-element_type=\"container\" data-e-type=\"container\">\n\t\t\t\t\t<div class=\"e-con-inner\">\n\t\t<div class=\"elementor-element elementor-element-a6043b7 e-flex e-con-boxed e-con e-child\" data-id=\"a6043b7\" data-element_type=\"container\" data-e-type=\"container\" data-settings=\"{&quot;background_background&quot;:&quot;classic&quot;}\">\n\t\t\t\t\t<div class=\"e-con-inner\">\n\t\t<div class=\"elementor-element elementor-element-317d599 e-flex e-con-boxed e-con e-child\" data-id=\"317d599\" data-element_type=\"container\" data-e-type=\"container\" data-settings=\"{&quot;background_background&quot;:&quot;classic&quot;}\">\n\t\t\t\t\t<div class=\"e-con-inner\">\n\t\t\t\t<div class=\"elementor-element elementor-element-70641fc elementor-widget__width-initial elementor-widget elementor-widget-heading\" data-id=\"70641fc\" data-element_type=\"widget\" data-e-type=\"widget\" data-widget_type=\"heading.default\">\n\t\t\t\t<div class=\"elementor-widget-container\">\n\t\t\t\t\t<h2 class=\"elementor-heading-title elementor-size-default\">\u00e9v\u00e9nements publics<\/h2>\t\t\t\t<\/div>\n\t\t\t\t<\/div>\n\t\t\t\t<div class=\"elementor-element elementor-element-2016d22 elementor-widget__width-initial elementor-invisible elementor-widget elementor-widget-image\" data-id=\"2016d22\" data-element_type=\"widget\" data-e-type=\"widget\" data-settings=\"{&quot;_animation&quot;:&quot;bounceInDown&quot;}\" data-widget_type=\"image.default\">\n\t\t\t\t<div class=\"elementor-widget-container\">\n\t\t\t\t\t\t\t\t\t\t\t\t\t\t\t\t<a href=\"#microbrasserie\">\n\t\t\t\t\t\t\t<img decoding=\"async\" width=\"238\" height=\"113\" src=\"https:\/\/wolf.be\/wp-content\/uploads\/2023\/07\/3.-Banner-arrows.png\" class=\"elementor-animation-pulse attachment-large size-large wp-image-1467\" alt=\"\" \/>\t\t\t\t\t\t\t\t<\/a>\n\t\t\t\t\t\t\t\t\t\t\t\t\t\t\t<\/div>\n\t\t\t\t<\/div>\n\t\t\t\t\t<\/div>\n\t\t\t\t<\/div>\n\t\t\t\t\t<\/div>\n\t\t\t\t<\/div>\n\t\t\t\t<div class=\"elementor-element elementor-element-0746dcc elementor-invisible elementor-widget elementor-widget-image\" data-id=\"0746dcc\" data-element_type=\"widget\" data-e-type=\"widget\" data-settings=\"{&quot;_animation&quot;:&quot;pulse&quot;}\" data-widget_type=\"image.default\">\n\t\t\t\t<div class=\"elementor-widget-container\">\n\t\t\t\t\t\t\t\t\t\t\t\t\t\t\t<img fetchpriority=\"high\" decoding=\"async\" width=\"286\" height=\"361\" src=\"https:\/\/wolf.be\/wp-content\/uploads\/2023\/07\/9.-Party-curls-e1688724595494.png\" class=\"elementor-animation-grow-rotate attachment-large size-large wp-image-1472\" alt=\"\" srcset=\"https:\/\/wolf.be\/wp-content\/uploads\/2023\/07\/9.-Party-curls-e1688724595494.png 286w, https:\/\/wolf.be\/wp-content\/uploads\/2023\/07\/9.-Party-curls-e1688724595494-238x300.png 238w\" sizes=\"(max-width: 286px) 100vw, 286px\" \/>\t\t\t\t\t\t\t\t\t\t\t\t\t\t\t<\/div>\n\t\t\t\t<\/div>\n\t\t\t\t\t<\/div>\n\t\t\t\t<\/div>\n\t\t<div class=\"elementor-element elementor-element-94810a8 e-flex e-con-boxed e-con e-parent\" data-id=\"94810a8\" data-element_type=\"container\" data-e-type=\"container\" data-settings=\"{&quot;background_background&quot;:&quot;classic&quot;}\">\n\t\t\t\t\t<div class=\"e-con-inner\">\n\t\t<div class=\"elementor-element elementor-element-36d6915 e-flex e-con-boxed e-con e-child\" data-id=\"36d6915\" data-element_type=\"container\" data-e-type=\"container\">\n\t\t\t\t\t<div class=\"e-con-inner\">\n\t\t\t\t<div class=\"elementor-element elementor-element-f5440ca elementor-widget__width-initial elementor-widget-mobile__width-initial elementor-widget elementor-widget-image\" data-id=\"f5440ca\" data-element_type=\"widget\" data-e-type=\"widget\" data-settings=\"{&quot;motion_fx_motion_fx_scrolling&quot;:&quot;yes&quot;,&quot;motion_fx_rotateZ_effect&quot;:&quot;yes&quot;,&quot;motion_fx_rotateZ_speed&quot;:{&quot;unit&quot;:&quot;px&quot;,&quot;size&quot;:0.2,&quot;sizes&quot;:[]},&quot;motion_fx_rotateZ_affectedRange&quot;:{&quot;unit&quot;:&quot;%&quot;,&quot;size&quot;:&quot;&quot;,&quot;sizes&quot;:{&quot;start&quot;:0,&quot;end&quot;:100}},&quot;motion_fx_devices&quot;:[&quot;desktop&quot;,&quot;laptop&quot;,&quot;tablet&quot;,&quot;mobile&quot;]}\" data-widget_type=\"image.default\">\n\t\t\t\t<div class=\"elementor-widget-container\">\n\t\t\t\t\t\t\t\t\t\t\t\t\t\t\t<img decoding=\"async\" width=\"385\" height=\"398\" src=\"https:\/\/wolf.be\/wp-content\/uploads\/2023\/07\/22.-Party-hat-e1688644123904.png\" class=\"attachment-large size-large wp-image-477\" alt=\"\" srcset=\"https:\/\/wolf.be\/wp-content\/uploads\/2023\/07\/22.-Party-hat-e1688644123904.png 385w, https:\/\/wolf.be\/wp-content\/uploads\/2023\/07\/22.-Party-hat-e1688644123904-290x300.png 290w\" sizes=\"(max-width: 385px) 100vw, 385px\" \/>\t\t\t\t\t\t\t\t\t\t\t\t\t\t\t<\/div>\n\t\t\t\t<\/div>\n\t\t\t\t<div class=\"elementor-element elementor-element-019c5d8 elementor-widget__width-initial elementor-widget elementor-widget-heading\" data-id=\"019c5d8\" data-element_type=\"widget\" data-e-type=\"widget\" data-widget_type=\"heading.default\">\n\t\t\t\t<div class=\"elementor-widget-container\">\n\t\t\t\t\t<h2 class=\"elementor-heading-title elementor-size-default\">\u00e9v\u00e9nements publics\u200b<\/h2>\t\t\t\t<\/div>\n\t\t\t\t<\/div>\n\t\t\t\t\t<\/div>\n\t\t\t\t<\/div>\n\t\t\t\t<div class=\"elementor-element elementor-element-aa61d6b elementor-widget__width-initial elementor-widget elementor-widget-text-editor\" data-id=\"aa61d6b\" data-element_type=\"widget\" data-e-type=\"widget\" data-widget_type=\"text-editor.default\">\n\t\t\t\t<div class=\"elementor-widget-container\">\n\t\t\t\t\t\t\t\t\t<p>\u00c9v\u00e9nements li\u00e9s au Food &amp; Beverage, WorkShop, Masterclass, chefs invit\u00e9s, Brols (march\u00e9 de cr\u00e9ateurs), soir\u00e9es Quiz, Kets, \u00e9v\u00e9nements sociaux, &#8230; Ne manquez pas le calendrier des \u00e9v\u00e9nements du WOLF. Vous trouverez toujours un \u00e9v\u00e9nement, en famille, avec des enfants, entre amis, pour les gourmands ou les accros du shopping.<\/p><p>Wolf en veut toujours plus !<br \/>Retrouvez les \u00e9v\u00e9nements \u00e0 venir ci-dessous :<\/p>\t\t\t\t\t\t\t\t<\/div>\n\t\t\t\t<\/div>\n\t\t<div class=\"elementor-element elementor-element-2fd7830 e-con-full e-flex e-con e-child\" data-id=\"2fd7830\" data-element_type=\"container\" data-e-type=\"container\">\n\t\t\t\t<div class=\"elementor-element elementor-element-b3c6de6 e-transform elementor-widget elementor-widget-image\" data-id=\"b3c6de6\" data-element_type=\"widget\" data-e-type=\"widget\" data-settings=\"{&quot;_transform_rotateZ_effect&quot;:{&quot;unit&quot;:&quot;px&quot;,&quot;size&quot;:26,&quot;sizes&quot;:[]},&quot;_transform_rotateZ_effect_laptop&quot;:{&quot;unit&quot;:&quot;deg&quot;,&quot;size&quot;:&quot;&quot;,&quot;sizes&quot;:[]},&quot;_transform_rotateZ_effect_tablet&quot;:{&quot;unit&quot;:&quot;deg&quot;,&quot;size&quot;:&quot;&quot;,&quot;sizes&quot;:[]},&quot;_transform_rotateZ_effect_mobile&quot;:{&quot;unit&quot;:&quot;deg&quot;,&quot;size&quot;:&quot;&quot;,&quot;sizes&quot;:[]}}\" data-widget_type=\"image.default\">\n\t\t\t\t<div class=\"elementor-widget-container\">\n\t\t\t\t\t\t\t\t\t\t\t\t\t\t\t<img loading=\"lazy\" decoding=\"async\" width=\"204\" height=\"189\" src=\"https:\/\/wolf.be\/wp-content\/uploads\/2023\/07\/23.-Calendar-e1688644477264.png\" class=\"attachment-large size-large wp-image-493\" alt=\"\" \/>\t\t\t\t\t\t\t\t\t\t\t\t\t\t\t<\/div>\n\t\t\t\t<\/div>\n\t\t\t\t<\/div>\n\t\t\t\t<div class=\"elementor-element elementor-element-363e9bc elementor-posts--align-center elementor-widget__width-initial elementor-grid-mobile-2 elementor-grid-2 elementor-grid-tablet-2 elementor-posts--thumbnail-top elementor-invisible elementor-widget elementor-widget-posts\" data-id=\"363e9bc\" data-element_type=\"widget\" data-e-type=\"widget\" data-settings=\"{&quot;classic_row_gap&quot;:{&quot;unit&quot;:&quot;px&quot;,&quot;size&quot;:21,&quot;sizes&quot;:[]},&quot;_animation&quot;:&quot;pulse&quot;,&quot;classic_columns_mobile&quot;:&quot;2&quot;,&quot;classic_columns&quot;:&quot;2&quot;,&quot;classic_columns_tablet&quot;:&quot;2&quot;,&quot;classic_row_gap_laptop&quot;:{&quot;unit&quot;:&quot;px&quot;,&quot;size&quot;:&quot;&quot;,&quot;sizes&quot;:[]},&quot;classic_row_gap_tablet&quot;:{&quot;unit&quot;:&quot;px&quot;,&quot;size&quot;:&quot;&quot;,&quot;sizes&quot;:[]},&quot;classic_row_gap_mobile&quot;:{&quot;unit&quot;:&quot;px&quot;,&quot;size&quot;:&quot;&quot;,&quot;sizes&quot;:[]}}\" data-widget_type=\"posts.classic\">\n\t\t\t\t<div class=\"elementor-widget-container\">\n\t\t\t\t\t\t\t<div class=\"elementor-posts-container elementor-posts elementor-posts--skin-classic elementor-grid\" role=\"list\">\n\t\t\t\t<article class=\"elementor-post elementor-grid-item post-10766 events type-events status-publish has-post-thumbnail hentry\" role=\"listitem\">\n\t\t\t\t<a class=\"elementor-post__thumbnail__link\" href=\"https:\/\/wolf.be\/nl\/events\/02-05-opening-terrace-x-lillet-sprtiz\/\" tabindex=\"-1\" >\n\t\t\t<div class=\"elementor-post__thumbnail\"><img loading=\"lazy\" decoding=\"async\" width=\"2560\" height=\"1341\" src=\"https:\/\/wolf.be\/wp-content\/uploads\/2026\/04\/cover_0205_opening_terrace-scaled.jpg\" class=\"attachment-full size-full wp-image-10767\" alt=\"\" srcset=\"https:\/\/wolf.be\/wp-content\/uploads\/2026\/04\/cover_0205_opening_terrace-scaled.jpg 2560w, https:\/\/wolf.be\/wp-content\/uploads\/2026\/04\/cover_0205_opening_terrace-300x157.jpg 300w, https:\/\/wolf.be\/wp-content\/uploads\/2026\/04\/cover_0205_opening_terrace-1024x536.jpg 1024w, https:\/\/wolf.be\/wp-content\/uploads\/2026\/04\/cover_0205_opening_terrace-768x402.jpg 768w, https:\/\/wolf.be\/wp-content\/uploads\/2026\/04\/cover_0205_opening_terrace-1536x805.jpg 1536w, https:\/\/wolf.be\/wp-content\/uploads\/2026\/04\/cover_0205_opening_terrace-2048x1073.jpg 2048w, https:\/\/wolf.be\/wp-content\/uploads\/2026\/04\/cover_0205_opening_terrace-18x9.jpg 18w\" sizes=\"(max-width: 2560px) 100vw, 2560px\" \/><\/div>\n\t\t<\/a>\n\t\t\t\t<div class=\"elementor-post__text\">\n\t\t\t\t<h3 class=\"elementor-post__title\">\n\t\t\t<a href=\"https:\/\/wolf.be\/nl\/events\/02-05-opening-terrace-x-lillet-sprtiz\/\" >\n\t\t\t\t02\/05 &#8211; OPENING TERRACE x Lillet Sprtiz\t\t\t<\/a>\n\t\t<\/h3>\n\t\t\t\t<\/div>\n\t\t\t\t<\/article>\n\t\t\t\t<article class=\"elementor-post elementor-grid-item post-10768 events type-events status-publish has-post-thumbnail hentry\" role=\"listitem\">\n\t\t\t\t<a class=\"elementor-post__thumbnail__link\" href=\"https:\/\/wolf.be\/nl\/events\/07-05-chefs-table-by-lima-nikkei\/\" tabindex=\"-1\" >\n\t\t\t<div class=\"elementor-post__thumbnail\"><img loading=\"lazy\" decoding=\"async\" width=\"2560\" height=\"1341\" src=\"https:\/\/wolf.be\/wp-content\/uploads\/2026\/03\/cover_0705_ceviche_workshop-scaled.jpg\" class=\"attachment-full size-full wp-image-10716\" alt=\"\" srcset=\"https:\/\/wolf.be\/wp-content\/uploads\/2026\/03\/cover_0705_ceviche_workshop-scaled.jpg 2560w, https:\/\/wolf.be\/wp-content\/uploads\/2026\/03\/cover_0705_ceviche_workshop-300x157.jpg 300w, https:\/\/wolf.be\/wp-content\/uploads\/2026\/03\/cover_0705_ceviche_workshop-1024x536.jpg 1024w, https:\/\/wolf.be\/wp-content\/uploads\/2026\/03\/cover_0705_ceviche_workshop-768x402.jpg 768w, https:\/\/wolf.be\/wp-content\/uploads\/2026\/03\/cover_0705_ceviche_workshop-1536x805.jpg 1536w, https:\/\/wolf.be\/wp-content\/uploads\/2026\/03\/cover_0705_ceviche_workshop-2048x1073.jpg 2048w, https:\/\/wolf.be\/wp-content\/uploads\/2026\/03\/cover_0705_ceviche_workshop-18x9.jpg 18w\" sizes=\"(max-width: 2560px) 100vw, 2560px\" \/><\/div>\n\t\t<\/a>\n\t\t\t\t<div class=\"elementor-post__text\">\n\t\t\t\t<h3 class=\"elementor-post__title\">\n\t\t\t<a href=\"https:\/\/wolf.be\/nl\/events\/07-05-chefs-table-by-lima-nikkei\/\" >\n\t\t\t\t07\/05 &#8211; Chef&rsquo;s table by Lima Nikkei\t\t\t<\/a>\n\t\t<\/h3>\n\t\t\t\t<\/div>\n\t\t\t\t<\/article>\n\t\t\t\t<article class=\"elementor-post elementor-grid-item post-10769 events type-events status-publish has-post-thumbnail hentry\" role=\"listitem\">\n\t\t\t\t<a class=\"elementor-post__thumbnail__link\" href=\"https:\/\/wolf.be\/nl\/events\/10-05-everbook-workshop\/\" tabindex=\"-1\" >\n\t\t\t<div class=\"elementor-post__thumbnail\"><img loading=\"lazy\" decoding=\"async\" width=\"2560\" height=\"1341\" src=\"https:\/\/wolf.be\/wp-content\/uploads\/2026\/03\/cover_1005_everbook_workshop-scaled.jpg\" class=\"attachment-full size-full wp-image-10719\" alt=\"\" srcset=\"https:\/\/wolf.be\/wp-content\/uploads\/2026\/03\/cover_1005_everbook_workshop-scaled.jpg 2560w, https:\/\/wolf.be\/wp-content\/uploads\/2026\/03\/cover_1005_everbook_workshop-300x157.jpg 300w, https:\/\/wolf.be\/wp-content\/uploads\/2026\/03\/cover_1005_everbook_workshop-1024x536.jpg 1024w, https:\/\/wolf.be\/wp-content\/uploads\/2026\/03\/cover_1005_everbook_workshop-768x402.jpg 768w, https:\/\/wolf.be\/wp-content\/uploads\/2026\/03\/cover_1005_everbook_workshop-1536x805.jpg 1536w, https:\/\/wolf.be\/wp-content\/uploads\/2026\/03\/cover_1005_everbook_workshop-2048x1073.jpg 2048w, https:\/\/wolf.be\/wp-content\/uploads\/2026\/03\/cover_1005_everbook_workshop-18x9.jpg 18w\" sizes=\"(max-width: 2560px) 100vw, 2560px\" \/><\/div>\n\t\t<\/a>\n\t\t\t\t<div class=\"elementor-post__text\">\n\t\t\t\t<h3 class=\"elementor-post__title\">\n\t\t\t<a href=\"https:\/\/wolf.be\/nl\/events\/10-05-everbook-workshop\/\" >\n\t\t\t\t10\/05 &#8211; Everbook workshop\t\t\t<\/a>\n\t\t<\/h3>\n\t\t\t\t<\/div>\n\t\t\t\t<\/article>\n\t\t\t\t<article class=\"elementor-post elementor-grid-item post-10785 events type-events status-publish has-post-thumbnail hentry\" role=\"listitem\">\n\t\t\t\t<a class=\"elementor-post__thumbnail__link\" href=\"https:\/\/wolf.be\/nl\/events\/13-05-the-voice-of-brussels-wolf\/\" tabindex=\"-1\" >\n\t\t\t<div class=\"elementor-post__thumbnail\"><img loading=\"lazy\" decoding=\"async\" width=\"2560\" height=\"1341\" src=\"https:\/\/wolf.be\/wp-content\/uploads\/2026\/04\/cover_1305_thevoice-scaled.jpg\" class=\"attachment-full size-full wp-image-10786\" alt=\"\" srcset=\"https:\/\/wolf.be\/wp-content\/uploads\/2026\/04\/cover_1305_thevoice-scaled.jpg 2560w, https:\/\/wolf.be\/wp-content\/uploads\/2026\/04\/cover_1305_thevoice-300x157.jpg 300w, https:\/\/wolf.be\/wp-content\/uploads\/2026\/04\/cover_1305_thevoice-1024x536.jpg 1024w, https:\/\/wolf.be\/wp-content\/uploads\/2026\/04\/cover_1305_thevoice-768x402.jpg 768w, https:\/\/wolf.be\/wp-content\/uploads\/2026\/04\/cover_1305_thevoice-1536x805.jpg 1536w, https:\/\/wolf.be\/wp-content\/uploads\/2026\/04\/cover_1305_thevoice-2048x1073.jpg 2048w, https:\/\/wolf.be\/wp-content\/uploads\/2026\/04\/cover_1305_thevoice-18x9.jpg 18w\" sizes=\"(max-width: 2560px) 100vw, 2560px\" \/><\/div>\n\t\t<\/a>\n\t\t\t\t<div class=\"elementor-post__text\">\n\t\t\t\t<h3 class=\"elementor-post__title\">\n\t\t\t<a href=\"https:\/\/wolf.be\/nl\/events\/13-05-the-voice-of-brussels-wolf\/\" >\n\t\t\t\t13\/05 &#8211; The Voice of Brussels @WOLF\t\t\t<\/a>\n\t\t<\/h3>\n\t\t\t\t<\/div>\n\t\t\t\t<\/article>\n\t\t\t\t<article class=\"elementor-post elementor-grid-item post-10788 events type-events status-publish has-post-thumbnail hentry\" role=\"listitem\">\n\t\t\t\t<a class=\"elementor-post__thumbnail__link\" href=\"https:\/\/wolf.be\/nl\/events\/16-05-pride-wolf\/\" tabindex=\"-1\" >\n\t\t\t<div class=\"elementor-post__thumbnail\"><img loading=\"lazy\" decoding=\"async\" width=\"2560\" height=\"1341\" src=\"https:\/\/wolf.be\/wp-content\/uploads\/2026\/04\/cover_1605_pride-scaled.jpg\" class=\"attachment-full size-full wp-image-10765\" alt=\"\" srcset=\"https:\/\/wolf.be\/wp-content\/uploads\/2026\/04\/cover_1605_pride-scaled.jpg 2560w, https:\/\/wolf.be\/wp-content\/uploads\/2026\/04\/cover_1605_pride-300x157.jpg 300w, https:\/\/wolf.be\/wp-content\/uploads\/2026\/04\/cover_1605_pride-1024x536.jpg 1024w, https:\/\/wolf.be\/wp-content\/uploads\/2026\/04\/cover_1605_pride-768x402.jpg 768w, https:\/\/wolf.be\/wp-content\/uploads\/2026\/04\/cover_1605_pride-1536x805.jpg 1536w, https:\/\/wolf.be\/wp-content\/uploads\/2026\/04\/cover_1605_pride-2048x1073.jpg 2048w, https:\/\/wolf.be\/wp-content\/uploads\/2026\/04\/cover_1605_pride-18x9.jpg 18w\" sizes=\"(max-width: 2560px) 100vw, 2560px\" \/><\/div>\n\t\t<\/a>\n\t\t\t\t<div class=\"elementor-post__text\">\n\t\t\t\t<h3 class=\"elementor-post__title\">\n\t\t\t<a href=\"https:\/\/wolf.be\/nl\/events\/16-05-pride-wolf\/\" >\n\t\t\t\t16\/05 &#8211; Pride @WOLF\t\t\t<\/a>\n\t\t<\/h3>\n\t\t\t\t<\/div>\n\t\t\t\t<\/article>\n\t\t\t\t<article class=\"elementor-post elementor-grid-item post-10787 events type-events status-publish has-post-thumbnail hentry\" role=\"listitem\">\n\t\t\t\t<a class=\"elementor-post__thumbnail__link\" href=\"https:\/\/wolf.be\/nl\/events\/28-05-national-burger-day-with-plump\/\" tabindex=\"-1\" >\n\t\t\t<div class=\"elementor-post__thumbnail\"><img loading=\"lazy\" decoding=\"async\" width=\"2560\" height=\"1341\" src=\"https:\/\/wolf.be\/wp-content\/uploads\/2026\/03\/cover_2805_burger_day-scaled.jpg\" class=\"attachment-full size-full wp-image-10722\" alt=\"\" srcset=\"https:\/\/wolf.be\/wp-content\/uploads\/2026\/03\/cover_2805_burger_day-scaled.jpg 2560w, https:\/\/wolf.be\/wp-content\/uploads\/2026\/03\/cover_2805_burger_day-300x157.jpg 300w, https:\/\/wolf.be\/wp-content\/uploads\/2026\/03\/cover_2805_burger_day-1024x536.jpg 1024w, https:\/\/wolf.be\/wp-content\/uploads\/2026\/03\/cover_2805_burger_day-768x402.jpg 768w, https:\/\/wolf.be\/wp-content\/uploads\/2026\/03\/cover_2805_burger_day-1536x805.jpg 1536w, https:\/\/wolf.be\/wp-content\/uploads\/2026\/03\/cover_2805_burger_day-2048x1073.jpg 2048w, https:\/\/wolf.be\/wp-content\/uploads\/2026\/03\/cover_2805_burger_day-18x9.jpg 18w\" sizes=\"(max-width: 2560px) 100vw, 2560px\" \/><\/div>\n\t\t<\/a>\n\t\t\t\t<div class=\"elementor-post__text\">\n\t\t\t\t<h3 class=\"elementor-post__title\">\n\t\t\t<a href=\"https:\/\/wolf.be\/nl\/events\/28-05-national-burger-day-with-plump\/\" >\n\t\t\t\t28\/05 &#8211; National burger day with Plump\t\t\t<\/a>\n\t\t<\/h3>\n\t\t\t\t<\/div>\n\t\t\t\t<\/article>\n\t\t\t\t<article class=\"elementor-post elementor-grid-item post-10789 events type-events status-publish has-post-thumbnail hentry\" role=\"listitem\">\n\t\t\t\t<a class=\"elementor-post__thumbnail__link\" href=\"https:\/\/wolf.be\/nl\/events\/31-05-disney-quiz\/\" tabindex=\"-1\" >\n\t\t\t<div class=\"elementor-post__thumbnail\"><img loading=\"lazy\" decoding=\"async\" width=\"2560\" height=\"1341\" src=\"https:\/\/wolf.be\/wp-content\/uploads\/2026\/03\/cover_3105_disney_quiz-1-scaled.jpg\" class=\"attachment-full size-full wp-image-10630\" alt=\"\" srcset=\"https:\/\/wolf.be\/wp-content\/uploads\/2026\/03\/cover_3105_disney_quiz-1-scaled.jpg 2560w, https:\/\/wolf.be\/wp-content\/uploads\/2026\/03\/cover_3105_disney_quiz-1-300x157.jpg 300w, https:\/\/wolf.be\/wp-content\/uploads\/2026\/03\/cover_3105_disney_quiz-1-1024x536.jpg 1024w, https:\/\/wolf.be\/wp-content\/uploads\/2026\/03\/cover_3105_disney_quiz-1-768x402.jpg 768w, https:\/\/wolf.be\/wp-content\/uploads\/2026\/03\/cover_3105_disney_quiz-1-1536x805.jpg 1536w, https:\/\/wolf.be\/wp-content\/uploads\/2026\/03\/cover_3105_disney_quiz-1-2048x1073.jpg 2048w, https:\/\/wolf.be\/wp-content\/uploads\/2026\/03\/cover_3105_disney_quiz-1-18x9.jpg 18w\" sizes=\"(max-width: 2560px) 100vw, 2560px\" \/><\/div>\n\t\t<\/a>\n\t\t\t\t<div class=\"elementor-post__text\">\n\t\t\t\t<h3 class=\"elementor-post__title\">\n\t\t\t<a href=\"https:\/\/wolf.be\/nl\/events\/31-05-disney-quiz\/\" >\n\t\t\t\t31\/05 &#8211; DISNEY QUIZ\t\t\t<\/a>\n\t\t<\/h3>\n\t\t\t\t<\/div>\n\t\t\t\t<\/article>\n\t\t\t\t<article class=\"elementor-post elementor-grid-item post-10907 events type-events status-publish has-post-thumbnail hentry\" role=\"listitem\">\n\t\t\t\t<a class=\"elementor-post__thumbnail__link\" href=\"https:\/\/wolf.be\/nl\/events\/28-06-microbrewery-experience\/\" tabindex=\"-1\" >\n\t\t\t<div class=\"elementor-post__thumbnail\"><img loading=\"lazy\" decoding=\"async\" width=\"2560\" height=\"1341\" src=\"https:\/\/wolf.be\/wp-content\/uploads\/2026\/04\/cover_2806_microbrewery-scaled.jpg\" class=\"attachment-full size-full wp-image-10908\" alt=\"\" srcset=\"https:\/\/wolf.be\/wp-content\/uploads\/2026\/04\/cover_2806_microbrewery-scaled.jpg 2560w, https:\/\/wolf.be\/wp-content\/uploads\/2026\/04\/cover_2806_microbrewery-300x157.jpg 300w, https:\/\/wolf.be\/wp-content\/uploads\/2026\/04\/cover_2806_microbrewery-1024x536.jpg 1024w, https:\/\/wolf.be\/wp-content\/uploads\/2026\/04\/cover_2806_microbrewery-768x402.jpg 768w, https:\/\/wolf.be\/wp-content\/uploads\/2026\/04\/cover_2806_microbrewery-1536x805.jpg 1536w, https:\/\/wolf.be\/wp-content\/uploads\/2026\/04\/cover_2806_microbrewery-2048x1073.jpg 2048w, https:\/\/wolf.be\/wp-content\/uploads\/2026\/04\/cover_2806_microbrewery-18x9.jpg 18w\" sizes=\"(max-width: 2560px) 100vw, 2560px\" \/><\/div>\n\t\t<\/a>\n\t\t\t\t<div class=\"elementor-post__text\">\n\t\t\t\t<h3 class=\"elementor-post__title\">\n\t\t\t<a href=\"https:\/\/wolf.be\/nl\/events\/28-06-microbrewery-experience\/\" >\n\t\t\t\t28\/06 &#8211; MICROBREWERY EXPERIENCE\t\t\t<\/a>\n\t\t<\/h3>\n\t\t\t\t<\/div>\n\t\t\t\t<\/article>\n\t\t\t\t<\/div>\n\t\t\n\t\t\t\t\t\t<\/div>\n\t\t\t\t<\/div>\n\t\t\t\t\t<\/div>\n\t\t\t\t<\/div>\n\t\t<div class=\"elementor-element elementor-element-c99f528 e-flex e-con-boxed e-con e-parent\" data-id=\"c99f528\" data-element_type=\"container\" data-e-type=\"container\">\n\t\t\t\t\t<div class=\"e-con-inner\">\n\t\t\t\t<div class=\"elementor-element elementor-element-a64303e elementor-widget elementor-widget-html\" data-id=\"a64303e\" data-element_type=\"widget\" data-e-type=\"widget\" data-widget_type=\"html.default\">\n\t\t\t\t<div class=\"elementor-widget-container\">\n\t\t\t\t\t\n<style>\nbody {\n  overflow-x: hidden;\n}\n<\/style>\n\t\t\t\t<\/div>\n\t\t\t\t<\/div>\n\t\t\t\t\t<\/div>\n\t\t\t\t<\/div>\n\t\t\t\t<\/div>\n\t\t","protected":false},"excerpt":{"rendered":"<p>\u00e9v\u00e9nements publics \u00e9v\u00e9nements publics\u200b \u00c9v\u00e9nements li\u00e9s au Food &amp; Beverage, WorkShop, Masterclass, chefs invit\u00e9s, Brols (march\u00e9 de cr\u00e9ateurs), soir\u00e9es Quiz, Kets, \u00e9v\u00e9nements sociaux, &#8230; Ne<\/p>","protected":false},"author":1,"featured_media":0,"parent":61,"menu_order":0,"comment_status":"closed","ping_status":"closed","template":"","meta":{"_acf_changed":false,"site-sidebar-layout":"no-sidebar","site-content-layout":"page-builder","ast-site-content-layout":"default","site-content-style":"default","site-sidebar-style":"default","ast-global-header-display":"","ast-banner-title-visibility":"","ast-main-header-display":"","ast-hfb-above-header-display":"","ast-hfb-below-header-display":"","ast-hfb-mobile-header-display":"","site-post-title":"","ast-breadcrumbs-content":"","ast-featured-img":"disabled","footer-sml-layout":"","ast-disable-related-posts":"","theme-transparent-header-meta":"","adv-header-id-meta":"","stick-header-meta":"","header-above-stick-meta":"","header-main-stick-meta":"","header-below-stick-meta":"","astra-migrate-meta-layouts":"default","ast-page-background-enabled":"default","ast-page-background-meta":{"desktop":{"background-color":"var(--ast-global-color-4)","background-image":"","background-repeat":"repeat","background-position":"center center","background-size":"auto","background-attachment":"scroll","background-type":"","background-media":"","overlay-type":"","overlay-color":"","overlay-opacity":"","overlay-gradient":""},"tablet":{"background-color":"","background-image":"","background-repeat":"repeat","background-position":"center center","background-size":"auto","background-attachment":"scroll","background-type":"","background-media":"","overlay-type":"","overlay-color":"","overlay-opacity":"","overlay-gradient":""},"mobile":{"background-color":"","background-image":"","background-repeat":"repeat","background-position":"center center","background-size":"auto","background-attachment":"scroll","background-type":"","background-media":"","overlay-type":"","overlay-color":"","overlay-opacity":"","overlay-gradient":""}},"ast-content-background-meta":{"desktop":{"background-color":"var(--ast-global-color-5)","background-image":"","background-repeat":"repeat","background-position":"center center","background-size":"auto","background-attachment":"scroll","background-type":"","background-media":"","overlay-type":"","overlay-color":"","overlay-opacity":"","overlay-gradient":""},"tablet":{"background-color":"var(--ast-global-color-5)","background-image":"","background-repeat":"repeat","background-position":"center center","background-size":"auto","background-attachment":"scroll","background-type":"","background-media":"","overlay-type":"","overlay-color":"","overlay-opacity":"","overlay-gradient":""},"mobile":{"background-color":"var(--ast-global-color-5)","background-image":"","background-repeat":"repeat","background-position":"center center","background-size":"auto","background-attachment":"scroll","background-type":"","background-media":"","overlay-type":"","overlay-color":"","overlay-opacity":"","overlay-gradient":""}},"footnotes":""},"class_list":["post-73","page","type-page","status-publish","hentry"],"acf":[],"_links":{"self":[{"href":"https:\/\/wolf.be\/nl\/wp-json\/wp\/v2\/pages\/73","targetHints":{"allow":["GET"]}}],"collection":[{"href":"https:\/\/wolf.be\/nl\/wp-json\/wp\/v2\/pages"}],"about":[{"href":"https:\/\/wolf.be\/nl\/wp-json\/wp\/v2\/types\/page"}],"author":[{"embeddable":true,"href":"https:\/\/wolf.be\/nl\/wp-json\/wp\/v2\/users\/1"}],"replies":[{"embeddable":true,"href":"https:\/\/wolf.be\/nl\/wp-json\/wp\/v2\/comments?post=73"}],"version-history":[{"count":87,"href":"https:\/\/wolf.be\/nl\/wp-json\/wp\/v2\/pages\/73\/revisions"}],"predecessor-version":[{"id":10810,"href":"https:\/\/wolf.be\/nl\/wp-json\/wp\/v2\/pages\/73\/revisions\/10810"}],"up":[{"embeddable":true,"href":"https:\/\/wolf.be\/nl\/wp-json\/wp\/v2\/pages\/61"}],"wp:attachment":[{"href":"https:\/\/wolf.be\/nl\/wp-json\/wp\/v2\/media?parent=73"}],"curies":[{"name":"wp","href":"https:\/\/api.w.org\/{rel}","templated":true}]}}