{"id":900,"date":"2023-07-06T16:09:30","date_gmt":"2023-07-06T16:09:30","guid":{"rendered":"https:\/\/wolf.be\/?page_id=900"},"modified":"2025-04-29T14:15:36","modified_gmt":"2025-04-29T14:15:36","slug":"privacy","status":"publish","type":"page","link":"https:\/\/wolf.be\/nl\/bxl\/privacy\/","title":{"rendered":"Privacy"},"content":{"rendered":"<div data-elementor-type=\"wp-page\" data-elementor-id=\"900\" class=\"elementor elementor-900\" data-elementor-post-type=\"page\">\n\t\t\t\t<div class=\"elementor-element elementor-element-70d6116 e-flex e-con-boxed e-con e-parent\" data-id=\"70d6116\" data-element_type=\"container\" data-e-type=\"container\">\n\t\t\t\t\t<div class=\"e-con-inner\">\n\t\t\t\t<div class=\"elementor-element elementor-element-863c76f elementor-widget elementor-widget-heading\" data-id=\"863c76f\" data-element_type=\"widget\" data-e-type=\"widget\" data-widget_type=\"heading.default\">\n\t\t\t\t<div class=\"elementor-widget-container\">\n\t\t\t\t\t<h3 class=\"elementor-heading-title elementor-size-default\">ALGEMENE VERKOOPSVOORWAARDEN<\/h3>\t\t\t\t<\/div>\n\t\t\t\t<\/div>\n\t\t\t\t<div class=\"elementor-element elementor-element-3aafd27 elementor-widget elementor-widget-text-editor\" data-id=\"3aafd27\" data-element_type=\"widget\" data-e-type=\"widget\" data-widget_type=\"text-editor.default\">\n\t\t\t\t<div class=\"elementor-widget-container\">\n\t\t\t\t\t\t\t\t\t<p><span style=\"text-decoration: underline;\"><b>Facturatie &amp; Annulering<\/b><\/span><\/p><ol><li style=\"font-weight: 400;\" aria-level=\"1\"><span style=\"font-weight: 400;\">De geleverde diensten dienen betaald te worden v\u00f3\u00f3r de komst van de klant, of uiterlijk binnen 15 dagen na ontvangst van de factuur.<\/span><\/li><li style=\"font-weight: 400;\" aria-level=\"1\"><span style=\"font-weight: 400;\">De gevraagde diensten (prepaidkaarten, buffet, priv\u00e9zaal, enz.) blijven ons eigendom totdat ze volledig zijn betaald.<\/span><\/li><li style=\"font-weight: 400;\" aria-level=\"1\"><span style=\"font-weight: 400;\">Indien de factuur (of het betaalverzoek) niet op de vervaldatum is betaald, behoudt BXL Food Market SA zich het recht voor om een gerechtelijke procedure in te stellen door middel van een aangetekende ingebrekestelling.<\/span><\/li><li style=\"font-weight: 400;\" aria-level=\"1\"><span style=\"font-weight: 400;\">Bij niet-betaling van de factuur wordt automatisch en zonder ingebrekestelling een rente van 1% per maand aangerekend.<\/span><\/li><li style=\"font-weight: 400;\" aria-level=\"1\"><span style=\"font-weight: 400;\">Bovendien wordt bij niet-betaling op de vervaldatum het openstaande factuurbedrag zonder ingebrekestelling verhoogd met 10%, met een minimum van \u20ac 100, als schadevergoeding voor buitengerechtelijke inningskosten en contractuele schade, onverminderd de toepassing van de bepalingen van deze richtlijnen.<\/span><\/li><li style=\"font-weight: 400;\" aria-level=\"1\"><span style=\"font-weight: 400;\">Bij annulering van de diensten binnen 5 dagen v\u00f3\u00f3r de komst van de klant, dient het volledige bedrag van de geboekte diensten (kaarten, privatisering of andere gevraagde diensten) te worden betaald. Bij annulering van de diensten binnen 15 dagen (of meer) v\u00f3\u00f3r de komst van de klant, dient 50% van de geboekte diensten te worden betaald.<br \/><\/span>Bij annulering van de diensten binnen 15 dagen (of meer) v\u00f3\u00f3r de komst van de klant, dient 50% van de geboekte diensten te worden betaald.<\/li><li style=\"font-weight: 400;\" aria-level=\"1\"><span style=\"font-weight: 400;\">Geen enkele dienst (prepaidkaarten, privatiseringen of andere gevraagde diensten) wordt terugbetaald na de komst van de klant.<\/span><\/li><li style=\"font-weight: 400;\" aria-level=\"1\"><span style=\"font-weight: 400;\">De diensten worden geleverd zoals beschreven in de offerte, bestelbon of enige andere schriftelijke overeenkomst.<\/span><\/li><li style=\"font-weight: 400;\" aria-level=\"1\"><span style=\"font-weight: 400;\">De diensten worden geleverd binnen de termijn vermeld in de offerte, bestelbon of overeenkomst, rekening houdend met de gebruikelijke toleranties eigen aan de sector.<\/span><\/li><li style=\"font-weight: 400;\" aria-level=\"1\"><span style=\"font-weight: 400;\">Klachten over de geleverde diensten worden alleen geaccepteerd als ze schriftelijk worden ingediend of gemeld bij een verantwoordelijke, uiterlijk op de dag van de dienstverlening.<\/span><\/li><li style=\"font-weight: 400;\" aria-level=\"1\"><span style=\"font-weight: 400;\">Alle in offertes vermelde tarieven zijn exclusief btw.<\/span><\/li><li style=\"font-weight: 400;\" aria-level=\"1\"><span style=\"font-weight: 400;\">Bij no-show wordt geen enkele terugbetaling verleend.<\/span><\/li><\/ol><p><b><u>Clausule die afstand doet van verhaal tegen de bestuurder<\/u><\/b><\/p><ol><li style=\"font-weight: 400;\" aria-level=\"1\"><span style=\"font-weight: 400;\">De klant erkent uitdrukkelijk dat de bestuurders van de vennootschap handelen in hun hoedanigheid van maatschappelijk vertegenwoordigers en voor rekening van de vennootschap. Dienovereenkomstig, behoudens geval van vastgestelde opzettelijke fout of bedrog, doet de klant onherroepelijk afstand van het inroepen van de persoonlijke aansprakelijkheid van de bestuurders voor schade, verlies of nadeel voortvloeiend uit de uitvoering of niet-uitvoering van de contractuele verplichtingen van de vennootschap. Deze afstand geldt voor elke rechtsvordering of schadevergoeding tegen een bestuurder, inclusief elke vordering op basis van een beheersfout, nalatigheid of andere omissie bij de uitoefening van zijn functie. Elke afwijking van deze clausule kan slechts voortvloeien uit een uitdrukkelijke, schriftelijke en ondertekende overeenkomst tussen de partijen.<\/span><\/li><\/ol><p><b><u>Privatisering<\/u><\/b><\/p><ol><li style=\"font-weight: 400;\" aria-level=\"1\"><span style=\"font-weight: 400;\"> Het gebruik van de priv\u00e9zaal is strikt beperkt tot de voorwaarden vastgelegd in de offerte en\/of schriftelijk overeengekomen.<\/span><\/li><li style=\"font-weight: 400;\" aria-level=\"1\"><span style=\"font-weight: 400;\">Indien de zaal langer wordt gebruikt, of indien additionele diensten worden afgenomen, dan overeengekomen met BXL Food Market SA, wordt een toeslag in rekening gebracht. Deze toeslag is evenredig aan de basisprijs en de extra bezettingsduur. Het gebruik van de zaal buiten de contractperiode is afhankelijk van de beschikbaarheid en kan worden geweigerd door BXL Food Market SA.<\/span><\/li><li style=\"font-weight: 400;\" aria-level=\"1\"><span style=\"font-weight: 400;\">Elke wijziging die v\u00f3\u00f3r of op de dag van het evenement wordt gevraagd, leidt tot een prijsaanpassing.<\/span><\/li><li style=\"font-weight: 400;\" aria-level=\"1\"><span style=\"font-weight: 400;\">De toewijzing van de zaal gebeurt op basis van het verwachte aantal deelnemers aan het evenement, tenzij de klant anders verzoekt.<\/span><\/li><li style=\"font-weight: 400;\" aria-level=\"1\"><span style=\"font-weight: 400;\">De privatisering van de zaal omvat uitsluitend het gebruik van de ruimte. Eventuele extra diensten (catering, dranken, technische apparatuur, enz.) worden apart gefactureerd.<\/span><\/li><li style=\"font-weight: 400;\" aria-level=\"1\"><span style=\"font-weight: 400;\">Elk decoratieproject of technische installatie moet schriftelijk worden voorgelegd aan BXL Food Market SA voor goedkeuring.<\/span><\/li><li style=\"font-weight: 400;\" aria-level=\"1\"><span style=\"font-weight: 400;\">BXL Food Market SA is niet verantwoordelijk voor diefstal, schade of andere incidenten met betrekking tot materiaal dat in de locatie wordt binnengebracht.<\/span><\/li><li style=\"font-weight: 400;\" aria-level=\"1\"><span style=\"font-weight: 400;\">BXL Food Market SA is niet aansprakelijk voor ongevallen die de fysieke integriteit van de klanten in het etablissement aantasten.<\/span><\/li><li style=\"font-weight: 400;\" aria-level=\"1\"><span style=\"font-weight: 400;\">Na afloop van het evenement verbindt de klant zich ertoe om alle installaties op eigen kosten te verwijderen en de zaal in oorspronkelijke staat achter te laten.<\/span><\/li><li style=\"font-weight: 400;\" aria-level=\"1\"><span style=\"font-weight: 400;\">Het is verboden om posters of andere decoratieve elementen te bevestigen met nietjes, lijm of andere bevestigingsmiddelen. Eventuele schade wordt in rekening gebracht bij de klant.<\/span><\/li><li style=\"font-weight: 400;\" aria-level=\"1\"><span style=\"font-weight: 400;\">De klant is verantwoordelijk voor schade veroorzaakt door zichzelf, zijn onderaannemers of de deelnemers aan het evenement.<\/span><\/li><li style=\"font-weight: 400;\" aria-level=\"1\"><span style=\"font-weight: 400;\">Het geluidsniveau in de priv\u00e9zaal mag de klanten van BXL Food Market SA of de buurtbewoners niet storen. In geval van overlast behoudt BXL Food Market SA zich het recht voor om het volume te beperken.<\/span><\/li><li style=\"font-weight: 400;\" aria-level=\"1\"><span style=\"font-weight: 400;\">BXL Food Market SA is niet aansprakelijk voor het niet-nakomen van verplichtingen als gevolg van overmacht, waaronder natuurrampen, oorlog, overheidsmaatregelen, terrorisme, stakingen, burgerlijke onrust, transportbeperkingen of enige andere onvoorziene gebeurtenis buiten haar controle.<\/span><\/li><li style=\"font-weight: 400;\" aria-level=\"1\"><span style=\"font-weight: 400;\">BXL Food Market SA behoudt zich het recht voor om zonder voorafgaande kennisgeving of schadevergoeding elke overeenkomst te annuleren die in strijd is met de normale fatsoensnormen, de openbare orde en\/of het normale gebruik van de ter beschikking gestelde ruimte.<\/span><\/li><li style=\"font-weight: 400;\" aria-level=\"1\"><span style=\"font-weight: 400;\">Om het goede verloop van het evenement te garanderen, dient de klant BXL Food Market SA uiterlijk \u00e9\u00e9n week van tevoren schriftelijk op de hoogte te stellen van het exacte aantal deelnemers. Indien het aantal deelnemers toeneemt, moet de klant zich houden aan de maximale capaciteit van het etablissement.<\/span><\/li><li style=\"font-weight: 400;\" aria-level=\"1\"><span style=\"font-weight: 400;\">BXL Food Market SA garandeert niet dat er geen concurrenten van de klant aanwezig zullen zijn tijdens het evenement.<\/span><\/li><li style=\"font-weight: 400;\" aria-level=\"1\"><span style=\"font-weight: 400;\">Een reservering of privatisering is pas definitief na schriftelijke bevestiging door BXL Food Market SA. Elke optie die de klant op een datum plaatst, heeft een geldigheidsduur die wordt overeengekomen tussen BXL Food Market SA en de klant. Zonder reactie van de klant binnen deze termijn vervalt de optie automatisch.<\/span><span style=\"font-weight: 400;\">Toute option pos\u00e9e par le client sur une date aura une dur\u00e9e de validit\u00e9 convenue entre BXL Food Market SA et le client. Sans nouvelle de la part du client, au-del\u00e0 de cette dur\u00e9e, l&rsquo;option sera automatiquement supprim\u00e9e.<\/span><\/li><\/ol><p><b><u>Vouchers<\/u><\/b><\/p><ol><li style=\"font-weight: 400;\" aria-level=\"1\"><span style=\"font-weight: 400;\">Bij aankoop van prepaid vouchers wordt een betaalverzoek opgesteld (een commercieel document met daarop de aankoopgegevens, zoals de bedrijfsgegevens, het aankoopbedrag, en de betaalinstructies). Er wordt a priori geen factuur opgesteld. De klant houdt de btw-bonnen bij, die bij elke bestelling door de restaurateurs en de bars worden overhandigd, op het moment van verbruik.<\/span><\/li><li style=\"font-weight: 400;\" aria-level=\"1\"><span style=\"font-weight: 400;\">Indien gewenst door de klant kan een factuur alsnog opgemaakt worden, alvorens het moment van consumptie, met vermelding van de aankoop \"Cadeaubon meervoudig gebruik \u2013 btw wordt verrekend bij inwisseling conform artikel 44 W.BTW.\u201d<\/span><\/li><li style=\"font-weight: 400;\" aria-level=\"1\"><span style=\"font-weight: 400;\">Indien gewenst door de klant kan een factuur alsnog opgemaakt worden, na het moment van consumptie, met een gedetailleerd overzicht van het verbruik. Een administratiekost van 2.5% zal worden aangerekend op het totaalbedrag, met een maximum van 100 \u20ac, excl. 21% BTW.<\/span><\/li><li style=\"font-weight: 400;\" aria-level=\"1\"><span style=\"font-weight: 400;\">Het resterende saldo van meerdere kaarten kan niet worden samengevoegd op \u00e9\u00e9n kaart.<\/span><\/li><li style=\"font-weight: 400;\" aria-level=\"1\"><span style=\"font-weight: 400;\">Er kunnen meerdere kaarten worden gebruikt om \u00e9\u00e9n bestelling te betalen.<\/span><\/li><li style=\"font-weight: 400;\" aria-level=\"1\"><span style=\"font-weight: 400;\">De kaarten blijven \u00e9\u00e9n jaar geldig vanaf de uitgiftedatum.\u00a0<\/span><\/li><li style=\"font-weight: 400;\" aria-level=\"1\"><span style=\"font-weight: 400;\">Er kunnen meerdere kaarten worden gebruikt om \u00e9\u00e9n bestelling te betalen.<\/span><\/li><li style=\"font-weight: 400;\" aria-level=\"1\"><span style=\"font-weight: 400;\">Het resterende saldo op de kaarten kan in geen geval worden terugbetaald.<\/span><\/li><\/ol><p><b><u>Food &amp; Beverage<\/u><\/b><\/p><ol><li style=\"font-weight: 400;\" aria-level=\"1\"><span style=\"font-weight: 400;\">De klant ontvangt een lijst met voorgestelde gerechten voor het buffet. Indien er binnen 5 werkdagen geen selectie wordt gemaakt, behoudt BXL Food Market SA zich het recht voor om de gerechten en finger food voor het evenement te kiezen.<\/span><\/li><li style=\"font-weight: 400;\" aria-level=\"1\"><span style=\"font-weight: 400;\">Het aantal deelnemers aan het buffet\/Open Bar dient minimaal \u00e9\u00e9n week van tevoren aan BXL Food Market SA te worden doorgegeven. Bij afwezigheid van een bevestiging wordt het laatst schriftelijk gecommuniceerde aantal deelnemers aangehouden. Indien het aantal deelnemers op de dag zelf toeneemt, wordt een extra bedrag in rekening gebracht. Bij een vermindering van het aantal deelnemers op de dag van het evenement wordt geen tariefaanpassing doorgevoerd.<\/span><\/li><li style=\"font-weight: 400;\" aria-level=\"1\"><span style=\"font-weight: 400;\">De klant verbindt zich ertoe uitsluitend gebruik te maken van de cateringdiensten van BXL Food Market SA. Het meebrengen van eten of drinken van buitenaf is verboden, tenzij schriftelijk toegestaan door BXL Food Market SA.<\/span><\/li><\/ol><p><b><u>Terugbetaling<\/u><\/b><\/p><ol><li style=\"font-weight: 400;\" aria-level=\"1\"><span style=\"font-weight: 400;\">Klachten over een geleverde dienst moeten mondeling of schriftelijk worden ingediend bij de verantwoordelijke van het restaurant of de bar op het moment van levering of consumptie van de dienst.<\/span><\/li><li style=\"font-weight: 400;\" aria-level=\"1\"><span style=\"font-weight: 400;\">Indien de klacht gerechtvaardigd is, wordt de klant uitgenodigd om een terugbetalingsformulier in te vullen.<\/span><\/li><li style=\"font-weight: 400;\" aria-level=\"1\"><span style=\"font-weight: 400;\">Indien de instructies op het terugbetalingsformulier niet worden nageleefd (onjuiste, onleesbare of onvolledige informatie), behoudt BXL Food Market SA zich het recht voor om geen terugbetaling te doen.<\/span><\/li><li style=\"font-weight: 400;\" aria-level=\"1\"><span style=\"font-weight: 400;\">Indien de terugbetalingsaanvraag correct is, wordt de terugbetaling binnen 30 dagen na de aanvraag uitgevoerd op het door de klant opgegeven bankrekeningnummer.<\/span><\/li><\/ol>\t\t\t\t\t\t\t\t<\/div>\n\t\t\t\t<\/div>\n\t\t\t\t\t<\/div>\n\t\t\t\t<\/div>\n\t\t<div class=\"elementor-element elementor-element-e598beb e-flex e-con-boxed e-con e-parent\" data-id=\"e598beb\" data-element_type=\"container\" data-e-type=\"container\">\n\t\t\t\t\t<div class=\"e-con-inner\">\n\t\t\t\t<div class=\"elementor-element elementor-element-5cf9a47 elementor-widget elementor-widget-text-editor\" data-id=\"5cf9a47\" data-element_type=\"widget\" data-e-type=\"widget\" data-widget_type=\"text-editor.default\">\n\t\t\t\t<div class=\"elementor-widget-container\">\n\t\t\t\t\t\t\t\t\t<p class=\"s15\"><span class=\"s16\">BXL Food Market SA<\/span><span class=\"s16\">\u00a0&#8211; <\/span><span class=\"s16\">Wolvengracht 50<\/span><span class=\"s16\">\u00a0&#8211; <\/span><span class=\"s16\">1000 Brussel<br \/><\/span><span class=\"s16\">TVA\u00a0:<\/span><span class=\"s16\"> BE0702 806 075<br \/><\/span><span class=\"s16\">https:\/\/wolf.be\/<\/span><\/p><p>+32 474 73 31 61<\/p>\t\t\t\t\t\t\t\t<\/div>\n\t\t\t\t<\/div>\n\t\t\t\t\t<\/div>\n\t\t\t\t<\/div>\n\t\t\t\t<\/div>","protected":false},"excerpt":{"rendered":"<p>CONDITIONS GENERALES DE VENTE Facturation &amp; annulation Les services fournis sont payables avant la date de la venue du client ou, au plus tard, dans les 15 jours suivant la r\u00e9ception de la facture. Les services demand\u00e9s (cartes pr\u00e9pay\u00e9es, buffet, salle privatis\u00e9e, etc.) restent notre propri\u00e9t\u00e9 tant qu&rsquo;ils n&rsquo;ont pas \u00e9t\u00e9 int\u00e9gralement pay\u00e9s. Si la [&hellip;]<\/p>\n","protected":false},"author":1,"featured_media":0,"parent":57,"menu_order":0,"comment_status":"closed","ping_status":"closed","template":"","meta":{"_acf_changed":false,"site-sidebar-layout":"no-sidebar","site-content-layout":"page-builder","ast-site-content-layout":"default","site-content-style":"default","site-sidebar-style":"default","ast-global-header-display":"","ast-banner-title-visibility":"","ast-main-header-display":"","ast-hfb-above-header-display":"","ast-hfb-below-header-display":"","ast-hfb-mobile-header-display":"","site-post-title":"disabled","ast-breadcrumbs-content":"","ast-featured-img":"disabled","footer-sml-layout":"","ast-disable-related-posts":"","theme-transparent-header-meta":"","adv-header-id-meta":"","stick-header-meta":"","header-above-stick-meta":"","header-main-stick-meta":"","header-below-stick-meta":"","astra-migrate-meta-layouts":"default","ast-page-background-enabled":"default","ast-page-background-meta":{"desktop":{"background-color":"var(--ast-global-color-4)","background-image":"","background-repeat":"repeat","background-position":"center center","background-size":"auto","background-attachment":"scroll","background-type":"","background-media":"","overlay-type":"","overlay-color":"","overlay-opacity":"","overlay-gradient":""},"tablet":{"background-color":"","background-image":"","background-repeat":"repeat","background-position":"center center","background-size":"auto","background-attachment":"scroll","background-type":"","background-media":"","overlay-type":"","overlay-color":"","overlay-opacity":"","overlay-gradient":""},"mobile":{"background-color":"","background-image":"","background-repeat":"repeat","background-position":"center center","background-size":"auto","background-attachment":"scroll","background-type":"","background-media":"","overlay-type":"","overlay-color":"","overlay-opacity":"","overlay-gradient":""}},"ast-content-background-meta":{"desktop":{"background-color":"var(--ast-global-color-5)","background-image":"","background-repeat":"repeat","background-position":"center center","background-size":"auto","background-attachment":"scroll","background-type":"","background-media":"","overlay-type":"","overlay-color":"","overlay-opacity":"","overlay-gradient":""},"tablet":{"background-color":"var(--ast-global-color-5)","background-image":"","background-repeat":"repeat","background-position":"center center","background-size":"auto","background-attachment":"scroll","background-type":"","background-media":"","overlay-type":"","overlay-color":"","overlay-opacity":"","overlay-gradient":""},"mobile":{"background-color":"var(--ast-global-color-5)","background-image":"","background-repeat":"repeat","background-position":"center center","background-size":"auto","background-attachment":"scroll","background-type":"","background-media":"","overlay-type":"","overlay-color":"","overlay-opacity":"","overlay-gradient":""}},"footnotes":""},"class_list":["post-900","page","type-page","status-publish","hentry"],"acf":[],"_links":{"self":[{"href":"https:\/\/wolf.be\/nl\/wp-json\/wp\/v2\/pages\/900","targetHints":{"allow":["GET"]}}],"collection":[{"href":"https:\/\/wolf.be\/nl\/wp-json\/wp\/v2\/pages"}],"about":[{"href":"https:\/\/wolf.be\/nl\/wp-json\/wp\/v2\/types\/page"}],"author":[{"embeddable":true,"href":"https:\/\/wolf.be\/nl\/wp-json\/wp\/v2\/users\/1"}],"replies":[{"embeddable":true,"href":"https:\/\/wolf.be\/nl\/wp-json\/wp\/v2\/comments?post=900"}],"version-history":[{"count":29,"href":"https:\/\/wolf.be\/nl\/wp-json\/wp\/v2\/pages\/900\/revisions"}],"predecessor-version":[{"id":10112,"href":"https:\/\/wolf.be\/nl\/wp-json\/wp\/v2\/pages\/900\/revisions\/10112"}],"up":[{"embeddable":true,"href":"https:\/\/wolf.be\/nl\/wp-json\/wp\/v2\/pages\/57"}],"wp:attachment":[{"href":"https:\/\/wolf.be\/nl\/wp-json\/wp\/v2\/media?parent=900"}],"curies":[{"name":"wp","href":"https:\/\/api.w.org\/{rel}","templated":true}]}}